{"id":120,"date":"2022-11-09T17:44:01","date_gmt":"2022-11-09T16:44:01","guid":{"rendered":"http:\/\/v2.tennis-tonnay-charente.fr\/?page_id=120"},"modified":"2024-12-28T09:47:37","modified_gmt":"2024-12-28T08:47:37","slug":"visiteurs","status":"publish","type":"page","link":"https:\/\/www.tennis-tonnay-charente.fr\/index.php\/visiteurs\/","title":{"rendered":"Visiteurs"},"content":{"rendered":"\n<p>De passage ou en vacances, vous \u00eates bienvenus sur nos courts.<\/p>\n\n\n<div class=\"wp-block-image is-style-default\">\n<figure class=\"aligncenter size-full is-resized\"><img loading=\"lazy\" decoding=\"async\" width=\"600\" height=\"300\" src=\"https:\/\/www.tennis-tonnay-charente.fr\/wp-content\/uploads\/2022\/12\/Tennis600.jpg\" alt=\"\" class=\"wp-image-266\" style=\"width:811px;height:406px\" srcset=\"https:\/\/www.tennis-tonnay-charente.fr\/wp-content\/uploads\/2022\/12\/Tennis600.jpg 600w, https:\/\/www.tennis-tonnay-charente.fr\/wp-content\/uploads\/2022\/12\/Tennis600-300x150.jpg 300w\" sizes=\"auto, (max-width: 600px) 100vw, 600px\" \/><\/figure>\n<\/div>\n\n\n<p><br>En r\u00e9servant l&rsquo;un de nos courts, vous adh\u00e9rez sans restriction au <a href=\"https:\/\/www.tennis-tonnay-charente.fr\/index.php\/reglement-du-club\/\">r\u00e8glement int\u00e9rieur du club<\/a>.<\/p>\n\n\n\n<p>La r\u00e9servation s&rsquo;effectue via la <a href=\"https:\/\/tenup.fft.fr\/location-horaire\">Location Horaire<\/a> sur Ten&rsquo;Up. Le co\u00fbt d\u2019une heure de location est de 12 \u20ac.<\/p>\n\n\n\n<p>Nos diff\u00e9rents terrains \u00e9tant muni de digicodes, l&rsquo;acc\u00e8s se fera en toute autonomie d\u00e8s que vous aurez re\u00e7u le code d&rsquo;acc\u00e8s par courrier \u00e9lectronique.<\/p>\n\n\n\n<p>Le club d\u00e9cline toute responsabilit\u00e9 en cas d\u2019accident. Seuls les joueurs pourront \u00eatre tenus pour responsables.<\/p>\n\n\n\n<p><strong>Restrictions :<\/strong><\/p>\n\n\n\n<ul class=\"wp-block-list\">\n<li>Le club se r\u00e9serve le droit de refuser un invit\u00e9 sans avoir \u00e0 en justifier.<\/li>\n\n\n\n<li>Le club se r\u00e9serve le droit de modifier les r\u00e9servations des visiteurs (en les pr\u00e9venant).<\/li>\n\n\n\n<li>Le court couvert n\u2019est pas accessible aux visiteurs non connus du club.<\/li>\n<\/ul>\n\n\n\n<p><\/p>\n","protected":false},"excerpt":{"rendered":"<p>De passage ou en vacances, vous \u00eates bienvenus sur nos courts. En r\u00e9servant l&rsquo;un de nos courts, vous adh\u00e9rez sans restriction au r\u00e8glement int\u00e9rieur du club. La r\u00e9servation s&rsquo;effectue via la Location Horaire sur Ten&rsquo;Up. Le co\u00fbt d\u2019une heure de location est de 12 \u20ac. Nos diff\u00e9rents terrains \u00e9tant muni de digicodes, l&rsquo;acc\u00e8s se fera&hellip; <br \/> <a class=\"read-more\" href=\"https:\/\/www.tennis-tonnay-charente.fr\/index.php\/visiteurs\/\">Lire la suite<\/a><\/p>\n","protected":false},"author":1,"featured_media":0,"parent":0,"menu_order":0,"comment_status":"closed","ping_status":"closed","template":"","meta":{"_uag_custom_page_level_css":"","footnotes":""},"class_list":["post-120","page","type-page","status-publish","hentry"],"uagb_featured_image_src":{"full":false,"thumbnail":false,"medium":false,"medium_large":false,"large":false,"1536x1536":false,"2048x2048":false,"post-thumbnail":false,"mesmerize-full-hd":false},"uagb_author_info":{"display_name":"Admin","author_link":"https:\/\/www.tennis-tonnay-charente.fr\/index.php\/author\/admin\/"},"uagb_comment_info":0,"uagb_excerpt":"De passage ou en vacances, vous \u00eates bienvenus sur nos courts. En r\u00e9servant l&rsquo;un de nos courts, vous adh\u00e9rez sans restriction au r\u00e8glement int\u00e9rieur du club. La r\u00e9servation s&rsquo;effectue via la Location Horaire sur Ten&rsquo;Up. Le co\u00fbt d\u2019une heure de location est de 12 \u20ac. Nos diff\u00e9rents terrains \u00e9tant muni de digicodes, l&rsquo;acc\u00e8s se fera&hellip;\u2026","_links":{"self":[{"href":"https:\/\/www.tennis-tonnay-charente.fr\/index.php\/wp-json\/wp\/v2\/pages\/120","targetHints":{"allow":["GET"]}}],"collection":[{"href":"https:\/\/www.tennis-tonnay-charente.fr\/index.php\/wp-json\/wp\/v2\/pages"}],"about":[{"href":"https:\/\/www.tennis-tonnay-charente.fr\/index.php\/wp-json\/wp\/v2\/types\/page"}],"author":[{"embeddable":true,"href":"https:\/\/www.tennis-tonnay-charente.fr\/index.php\/wp-json\/wp\/v2\/users\/1"}],"replies":[{"embeddable":true,"href":"https:\/\/www.tennis-tonnay-charente.fr\/index.php\/wp-json\/wp\/v2\/comments?post=120"}],"version-history":[{"count":15,"href":"https:\/\/www.tennis-tonnay-charente.fr\/index.php\/wp-json\/wp\/v2\/pages\/120\/revisions"}],"predecessor-version":[{"id":461,"href":"https:\/\/www.tennis-tonnay-charente.fr\/index.php\/wp-json\/wp\/v2\/pages\/120\/revisions\/461"}],"wp:attachment":[{"href":"https:\/\/www.tennis-tonnay-charente.fr\/index.php\/wp-json\/wp\/v2\/media?parent=120"}],"curies":[{"name":"wp","href":"https:\/\/api.w.org\/{rel}","templated":true}]}}