{"id":118,"date":"2022-11-09T17:43:48","date_gmt":"2022-11-09T16:43:48","guid":{"rendered":"http:\/\/v2.tennis-tonnay-charente.fr\/?page_id=118"},"modified":"2024-12-28T17:07:26","modified_gmt":"2024-12-28T16:07:26","slug":"reglement-du-club","status":"publish","type":"page","link":"https:\/\/www.tennis-tonnay-charente.fr\/index.php\/reglement-du-club\/","title":{"rendered":"R\u00e8glement du club"},"content":{"rendered":"\n<p class=\"has-black-color has-text-color has-link-color wp-elements-01618439f19b28744f05b93d777a6b1d\"><strong>Le but du pr\u00e9sent r\u00e8glement est de faciliter l\u2019utilisation des courts et de faire appliquer certaines r\u00e8gles sportives de biens\u00e9ance.<\/strong><\/p>\n\n\n\n<p class=\"has-vivid-red-color has-text-color\"><strong>CHAQUE MEMBRE EST RESPONSABLE ET DOIT SIGNALER TOUTE ANOMALIE AU COMIT\u00c9.<\/strong><\/p>\n\n\n\n<hr class=\"wp-block-separator has-alpha-channel-opacity\"\/>\n\n\n\n<p class=\"has-vivid-cyan-blue-color has-text-color\"><strong>ACC\u00c8S&nbsp;AUX COURTS :<\/strong><\/p>\n\n\n\n<p class=\"has-vivid-red-color has-text-color\"><strong>TOUT JOUEUR DOIT \u00caTRE MEMBRE DU TONNAY-CHARENTE TENNIS-CLUB OU JUSTIFIER D\u2019UN TICKET VISITEUR.<\/strong><\/p>\n\n\n\n<ul class=\"wp-block-list\">\n<li class=\"has-black-color has-text-color has-link-color wp-elements-593e3581b357739e4a73ca9ed5115926\">L\u2019acc\u00e8s est r\u00e9serv\u00e9 exclusivement aux MEMBRES de l\u2019ann\u00e9e tennistique en cours, \u00e0 jour de leur cotisation, qui s\u2019\u00e9tend du 1er septembre au 31 ao\u00fbt. Les invit\u00e9s sont accept\u00e9s aux conditions d\u00e9crites sur la page <a href=\"https:\/\/www.tennis-tonnay-charente.fr\/index.php\/visiteurs\/\">Visiteurs<\/a>.<\/li>\n\n\n\n<li class=\"has-black-color has-text-color has-link-color wp-elements-77d461ed22fbd33ae831c5ec498931de\">L\u2019acc\u00e8s aux courts se fait par r\u00e9servation en ligne (via l\u2019application Ten&rsquo;Up). Le joueur re\u00e7oit un mail contenant un code lui permettant d\u2019ouvrir les acc\u00e8s utiles \u00e0 sa r\u00e9servation.<\/li>\n\n\n\n<li class=\"has-black-color has-text-color has-link-color wp-elements-cf8aa4a5c0266f767362aeb8e3029ac6\">Seul le terrain r\u00e9serv\u00e9 pourra \u00eatre utilis\u00e9 dans le temps de la r\u00e9servation.<\/li>\n\n\n\n<li class=\"has-black-color has-text-color has-link-color wp-elements-2e7804c635df7e385bca448246e58d26\">Le nombre et l\u2019identit\u00e9 des joueurs pr\u00e9sents sur le terrain doit correspondre <strong>strictement <\/strong>aux joueurs indiqu\u00e9s lors de la r\u00e9servation.<\/li>\n\n\n\n<li class=\"has-black-color has-text-color has-link-color wp-elements-b04dc42663b6c4be6792bde2be674fce\">L\u2019utilisation de la salle est r\u00e9serv\u00e9e aux joueurs de 13 ans r\u00e9volus. Les joueurs plus jeunes doivent obligatoirement \u00eatre accompagn\u00e9s d\u2019un adulte qui restera pr\u00e9sent pendant toute l\u2019heure de jeu. Les mineurs qui jouent en dehors d\u2019une activit\u00e9 organis\u00e9e par le club sont sous la responsabilit\u00e9 de l\u2019adulte pr\u00e9sent ou, \u00e0 d\u00e9faut, de leurs parents.<\/li>\n<\/ul>\n\n\n\n<hr class=\"wp-block-separator has-alpha-channel-opacity\"\/>\n\n\n\n<p class=\"has-vivid-cyan-blue-color has-text-color\"><strong>CONVIVIALIT\u00c9 ET DISCIPLINE :<\/strong><\/p>\n\n\n\n<ul class=\"wp-block-list\">\n<li class=\"has-black-color has-text-color has-link-color wp-elements-e5d0021b3a0da871a1c677ec0190a876\">Saluer les joueurs et les personnes pr\u00e9sentes lors de son arriv\u00e9e est une marque de respect et de convivialit\u00e9 \u00e0 laquelle le club tient particuli\u00e8rement. C\u2019est donc fortement recommand\u00e9 \u00e0 tous.<\/li>\n\n\n\n<li class=\"has-black-color has-text-color has-link-color wp-elements-46974c5927484e27f052c07c396010f8\">Une tenue et un comportement corrects sont exig\u00e9s de la part de toutes les personnes pr\u00e9sentes (membres ou non).<\/li>\n\n\n\n<li class=\"has-black-color has-text-color has-link-color wp-elements-c4a78631387bded15e9ae14702c55b59\">Il est recommand\u00e9 de ne pas laisser les enfants en bas \u00e2ge sans surveillance sur les courts ou dans l\u2019enceinte du club.<\/li>\n\n\n\n<li class=\"has-black-color has-text-color has-link-color wp-elements-c9a5417a2758a4c052e534b6772935e5\">La pr\u00e9sence dans l\u2019enceinte du club et la pratique du tennis sont sous la responsabilit\u00e9 de chacun qui devra \u00eatre couvert par ses propres assurances. La licence FFT comprend des assurances que chacun est \u00e0 m\u00eame de compl\u00e9ter s\u2019il le souhaite.<\/li>\n\n\n\n<li class=\"has-black-color has-text-color has-link-color wp-elements-22eb82c2b429b7346da4f11737f41292\">Le club d\u00e9cline toute responsabilit\u00e9 en cas de perte ou de vol sur les courts, dans le club-house, la salle et les espaces environnants.<\/li>\n<\/ul>\n\n\n\n<hr class=\"wp-block-separator has-alpha-channel-opacity\"\/>\n\n\n\n<p class=\"has-vivid-cyan-blue-color has-text-color\"><strong>HORAIRES D\u2019ACC\u00c8S AUX COURTS :<\/strong><\/p>\n\n\n\n<ul class=\"wp-block-list\">\n<li class=\"has-black-color has-text-color has-link-color wp-elements-f3837c040b29704b91641eae992b9312\">Les courts font l\u2019objet d\u2019une limitation horaire d\u2019utilisation : 6h00 \u00e0 23h00, heure de fermeture (la derni\u00e8re heure commence \u00e0 22 heures).<\/li>\n\n\n\n<li class=\"has-black-color has-text-color has-link-color wp-elements-c48f3f3980c87c672451da34ec47423a\">La priorit\u00e9 dans l\u2019utilisation des terrains sera toujours donn\u00e9e aux championnats par \u00e9quipe. Ainsi, s\u2019il le juge n\u00e9cessaire, le club se r\u00e9serve le droit d\u2019annuler une r\u00e9servation pour les bienfaits de la comp\u00e9tition.<\/li>\n<\/ul>\n\n\n\n<hr class=\"wp-block-separator has-alpha-channel-opacity\"\/>\n\n\n\n<p class=\"has-vivid-cyan-blue-color has-text-color\"><strong>TEMPS D\u2019UTILISATION DES COURTS :<\/strong><\/p>\n\n\n\n<ul class=\"wp-block-list\">\n<li class=\"has-black-color has-text-color has-link-color wp-elements-334a7d8d437b123ff12aea1062bebeb3\">Un court peut \u00eatre utilis\u00e9 pendant une heure, soit en simple soit en double, \u00e0 condition que la r\u00e9servation avec tous les joueurs occupant le court soit valid\u00e9e.<\/li>\n\n\n\n<li class=\"has-black-color has-text-color has-link-color wp-elements-d96ba931497ce441c53992852ebcf95f\">Durant certaines p\u00e9riodes (dites heures creuses), le club peut autoriser la r\u00e9servation de deux heures cons\u00e9cutives. Cette autorisation se fait au travers de l\u2019application Ten\u2019Up selon les cr\u00e9neaux d\u00e9finit par le club. Ces heures creuses sont r\u00e9visables tous les ans.<\/li>\n\n\n\n<li class=\"has-black-color has-text-color has-link-color wp-elements-03558b675d4ef8a80cb4c73a1486bb86\">Le changement des joueurs se fait \u00e0 heure fixe (9h, 10h \u2026), quelle que soit l\u2019heure \u00e0 laquelle les joueurs ont commenc\u00e9 \u00e0 jouer.<\/li>\n\n\n\n<li class=\"has-black-color has-text-color has-link-color wp-elements-f4e0073f83c3c9889bb2ad4d888bc2c4\">Pour \u00e9viter toute contestation, il est conseill\u00e9 aux joueurs d\u2019arriver 10 minutes avant l\u2019heure fixe.<\/li>\n<\/ul>\n\n\n\n<hr class=\"wp-block-separator has-alpha-channel-opacity\"\/>\n\n\n\n<p class=\"has-vivid-cyan-blue-color has-text-color\"><strong>SANCTION :<\/strong><\/p>\n\n\n\n<ul class=\"wp-block-list\">\n<li class=\"has-black-color has-text-color has-link-color wp-elements-7f064907775f4c4ecc05b25ea264d2f3\">Si l\u2019auto discipline n\u2019est pas suffisante, les membres du comit\u00e9 de direction sont habilit\u00e9s \u00e0 prendre imm\u00e9diatement toute sanction utile au respect de ce pr\u00e9sent r\u00e8glement.<\/li>\n\n\n\n<li class=\"has-black-color has-text-color has-link-color wp-elements-a72db91428ac2d3cf88f0279c723a21e\">En cas de non-respect du pr\u00e9sent r\u00e8glement, le joueur recevra un avertissement.<\/li>\n\n\n\n<li class=\"has-black-color has-text-color has-link-color wp-elements-7291b3dd5319e8335b36200b66da917f\">En cas de r\u00e9cidive, les membres du bureau pourront se r\u00e9unir pour statuer sur la \u00ab&nbsp;mise au piquet&nbsp;\u00bb du joueur contrevenant.<\/li>\n\n\n\n<li class=\"has-black-color has-text-color has-link-color wp-elements-6e24f682d827094c99589299674b6376\">En cas de faute lourde (ex&nbsp;: multi r\u00e9cidives, d\u00e9t\u00e9rioration des locaux, vols de mat\u00e9riel, comportement inacceptable, etc\u2026), les membres du bureau pourront d\u00e9lib\u00e9rer sur l\u2019exclusion d\u00e9finitive du\/des joueurs.<\/li>\n<\/ul>\n","protected":false},"excerpt":{"rendered":"<p>Le but du pr\u00e9sent r\u00e8glement est de faciliter l\u2019utilisation des courts et de faire appliquer certaines r\u00e8gles sportives de biens\u00e9ance. CHAQUE MEMBRE EST RESPONSABLE ET DOIT SIGNALER TOUTE ANOMALIE AU COMIT\u00c9. ACC\u00c8S&nbsp;AUX COURTS : TOUT JOUEUR DOIT \u00caTRE MEMBRE DU TONNAY-CHARENTE TENNIS-CLUB OU JUSTIFIER D\u2019UN TICKET VISITEUR. CONVIVIALIT\u00c9 ET DISCIPLINE : HORAIRES D\u2019ACC\u00c8S AUX COURTS&hellip; <br \/> <a class=\"read-more\" href=\"https:\/\/www.tennis-tonnay-charente.fr\/index.php\/reglement-du-club\/\">Lire la suite<\/a><\/p>\n","protected":false},"author":1,"featured_media":0,"parent":0,"menu_order":0,"comment_status":"closed","ping_status":"closed","template":"","meta":{"_uag_custom_page_level_css":"","footnotes":""},"class_list":["post-118","page","type-page","status-publish","hentry"],"uagb_featured_image_src":{"full":false,"thumbnail":false,"medium":false,"medium_large":false,"large":false,"1536x1536":false,"2048x2048":false,"post-thumbnail":false,"mesmerize-full-hd":false},"uagb_author_info":{"display_name":"Admin","author_link":"https:\/\/www.tennis-tonnay-charente.fr\/index.php\/author\/admin\/"},"uagb_comment_info":0,"uagb_excerpt":"Le but du pr\u00e9sent r\u00e8glement est de faciliter l\u2019utilisation des courts et de faire appliquer certaines r\u00e8gles sportives de biens\u00e9ance. CHAQUE MEMBRE EST RESPONSABLE ET DOIT SIGNALER TOUTE ANOMALIE AU COMIT\u00c9. ACC\u00c8S&nbsp;AUX COURTS : TOUT JOUEUR DOIT \u00caTRE MEMBRE DU TONNAY-CHARENTE TENNIS-CLUB OU JUSTIFIER D\u2019UN TICKET VISITEUR. CONVIVIALIT\u00c9 ET DISCIPLINE : HORAIRES D\u2019ACC\u00c8S AUX COURTS&hellip;\u2026","_links":{"self":[{"href":"https:\/\/www.tennis-tonnay-charente.fr\/index.php\/wp-json\/wp\/v2\/pages\/118","targetHints":{"allow":["GET"]}}],"collection":[{"href":"https:\/\/www.tennis-tonnay-charente.fr\/index.php\/wp-json\/wp\/v2\/pages"}],"about":[{"href":"https:\/\/www.tennis-tonnay-charente.fr\/index.php\/wp-json\/wp\/v2\/types\/page"}],"author":[{"embeddable":true,"href":"https:\/\/www.tennis-tonnay-charente.fr\/index.php\/wp-json\/wp\/v2\/users\/1"}],"replies":[{"embeddable":true,"href":"https:\/\/www.tennis-tonnay-charente.fr\/index.php\/wp-json\/wp\/v2\/comments?post=118"}],"version-history":[{"count":13,"href":"https:\/\/www.tennis-tonnay-charente.fr\/index.php\/wp-json\/wp\/v2\/pages\/118\/revisions"}],"predecessor-version":[{"id":470,"href":"https:\/\/www.tennis-tonnay-charente.fr\/index.php\/wp-json\/wp\/v2\/pages\/118\/revisions\/470"}],"wp:attachment":[{"href":"https:\/\/www.tennis-tonnay-charente.fr\/index.php\/wp-json\/wp\/v2\/media?parent=118"}],"curies":[{"name":"wp","href":"https:\/\/api.w.org\/{rel}","templated":true}]}}